{"id":145,"date":"2019-05-10T17:55:13","date_gmt":"2019-05-10T15:55:13","guid":{"rendered":"https:\/\/poli-sport.es\/?page_id=145"},"modified":"2023-05-25T19:41:25","modified_gmt":"2023-05-25T17:41:25","slug":"1-2","status":"publish","type":"page","link":"https:\/\/poli-sport.es\/","title":{"rendered":"Grupo Poli-Sport"},"content":{"rendered":"<p>[et_pb_section fb_built=\u00bb1&#8243; specialty=\u00bbon\u00bb _builder_version=\u00bb4.16&#8243; _module_preset=\u00bbdefault\u00bb custom_padding=\u00bb||0px|||\u00bb top_divider_style=\u00bbslant2&#8243; top_divider_color=\u00bb#cc3737&#8243; global_colors_info=\u00bb{}\u00bb][et_pb_column type=\u00bb3_4&#8243; specialty_columns=\u00bb3&#8243; _builder_version=\u00bb4.16&#8243; custom_padding=\u00bb|||\u00bb global_colors_info=\u00bb{}\u00bb custom_padding__hover=\u00bb|||\u00bb][et_pb_row_inner column_structure=\u00bb1_2,1_2&#8243; _builder_version=\u00bb4.16&#8243; _module_preset=\u00bbdefault\u00bb custom_padding=\u00bb||0px|||\u00bb global_colors_info=\u00bb{}\u00bb][et_pb_column_inner type=\u00bb1_2&#8243; saved_specialty_column_type=\u00bb3_4&#8243; _builder_version=\u00bb4.16&#8243; _module_preset=\u00bbdefault\u00bb global_colors_info=\u00bb{}\u00bb][et_pb_image src=\u00bbhttps:\/\/poli-sport.es\/wp-content\/uploads\/2021\/02\/poli-sport-racing-BN-300&#215;120.png\u00bb title_text=\u00bbpoli-sport racing BN\u00bb url=\u00bbhttps:\/\/poli-sport.es\/?page_id=379&#8243; align_tablet=\u00bbcenter\u00bb align_phone=\u00bb\u00bb align_last_edited=\u00bbon|desktop\u00bb _builder_version=\u00bb4.16&#8243; min_height=\u00bb9px\u00bb custom_margin=\u00bb||-3px|||\u00bb custom_padding=\u00bb9px|0px|0px|26px||\u00bb global_colors_info=\u00bb{}\u00bb][\/et_pb_image][et_pb_divider color=\u00bb#E02B20&#8243; _builder_version=\u00bb4.16&#8243; _module_preset=\u00bbdefault\u00bb border_color_all=\u00bb#E02B20&#8243; global_colors_info=\u00bb{}\u00bb][\/et_pb_divider][et_pb_image src=\u00bbhttps:\/\/poli-sport.es\/wp-content\/uploads\/2019\/05\/logo_poli-sport-300&#215;60.png\u00bb title_text=\u00bblogo_poli-sport\u00bb url=\u00bbhttps:\/\/poli-sport.es\/?page_id=365&#8243; align=\u00bbcenter\u00bb align_tablet=\u00bbcenter\u00bb align_phone=\u00bb\u00bb align_last_edited=\u00bbon|desktop\u00bb _builder_version=\u00bb4.16&#8243; min_height=\u00bb37px\u00bb custom_margin=\u00bb0px||21px|||\u00bb custom_padding=\u00bb0px|0px|21px|||\u00bb border_color_top=\u00bb#000000&#8243; global_colors_info=\u00bb{}\u00bb][\/et_pb_image][et_pb_divider color=\u00bb#E02B20&#8243; _builder_version=\u00bb4.16&#8243; _module_preset=\u00bbdefault\u00bb custom_margin=\u00bb||2px|||\u00bb global_colors_info=\u00bb{}\u00bb][\/et_pb_divider][et_pb_image src=\u00bbhttps:\/\/poli-sport.es\/wp-content\/uploads\/2019\/05\/logo_tandas-300&#215;110.jpg\u00bb title_text=\u00bblogo_tandas\u00bb url=\u00bbhttps:\/\/poli-sport.es\/?page_id=432&#8243; align=\u00bbcenter\u00bb align_tablet=\u00bbcenter\u00bb align_phone=\u00bb\u00bb align_last_edited=\u00bbon|desktop\u00bb _builder_version=\u00bb4.16&#8243; min_height=\u00bb54px\u00bb custom_margin=\u00bb0px|||||\u00bb custom_padding=\u00bb0px|0px||||\u00bb global_colors_info=\u00bb{}\u00bb][\/et_pb_image][\/et_pb_column_inner][et_pb_column_inner type=\u00bb1_2&#8243; saved_specialty_column_type=\u00bb3_4&#8243; _builder_version=\u00bb4.16&#8243; _module_preset=\u00bbdefault\u00bb global_colors_info=\u00bb{}\u00bb][et_pb_text _builder_version=\u00bb4.16&#8243; _module_preset=\u00bbdefault\u00bb text_font=\u00bb|800|||on||||\u00bb text_font_size=\u00bb16px\u00bb custom_margin=\u00bb27px|||||\u00bb global_colors_info=\u00bb{}\u00bb]<\/p>\n<p>POLI-SPORT CR\u00d3NICAS<\/p>\n<p>[\/et_pb_text][et_pb_blurb image=\u00bbhttps:\/\/poli-sport.es\/wp-content\/uploads\/2021\/05\/podium-navarra-lider.jpg\u00bb image_icon_width=\u00bb81%\u00bb icon_alignment=\u00bbleft\u00bb _builder_version=\u00bb4.16&#8243; _module_preset=\u00bbdefault\u00bb header_font=\u00bb|700|||on||||\u00bb width=\u00bb100%\u00bb module_alignment=\u00bbleft\u00bb custom_margin=\u00bb|||0px|false|false\u00bb custom_padding=\u00bb15px|15px|15px|15px|false|false\u00bb animation_style=\u00bbbounce\u00bb border_width_all=\u00bb2px\u00bb border_color_all=\u00bb#a5a5a5&#8243; border_radii_image=\u00bbon|20px|20px|20px|20px\u00bb box_shadow_style=\u00bbpreset2&#8243; image_max_width=\u00bb81%\u00bb global_colors_info=\u00bb{}\u00bb]<\/p>\n<p class=\"western\">16.05.21 Circuito de Los Arcos (NAVARRA)<\/p>\n<p class=\"western\" align=\"justify\">\n<p class=\"western\" align=\"justify\">Celebrada la segunda prueba del ESBK, en el Circuito de Los Arcos (Navarra), al que han asistido la mayor\u00eda de los pilotos habituales de este Campeonato, notando la ausencia del l\u00edder de la categor\u00eda SBK Jordi Torres, debido&#8230;<\/p>\n<p>[\/et_pb_blurb][\/et_pb_column_inner][\/et_pb_row_inner][et_pb_row_inner _builder_version=\u00bb4.16&#8243; _module_preset=\u00bbdefault\u00bb global_colors_info=\u00bb{}\u00bb][et_pb_column_inner saved_specialty_column_type=\u00bb3_4&#8243; _builder_version=\u00bb4.16&#8243; _module_preset=\u00bbdefault\u00bb global_colors_info=\u00bb{}\u00bb][et_pb_post_slider bg_overlay_color=\u00bb#cc3737&#8243; _builder_version=\u00bb4.16&#8243; _module_preset=\u00bbdefault\u00bb global_colors_info=\u00bb{}\u00bb][\/et_pb_post_slider][\/et_pb_column_inner][\/et_pb_row_inner][\/et_pb_column][et_pb_column type=\u00bb1_4&#8243; _builder_version=\u00bb4.16&#8243; custom_padding=\u00bb|||\u00bb global_colors_info=\u00bb{}\u00bb custom_padding__hover=\u00bb|||\u00bb][et_pb_text _builder_version=\u00bb4.16&#8243; _module_preset=\u00bbdefault\u00bb text_font=\u00bb|700|||||||\u00bb text_text_color=\u00bb#000000&#8243; text_font_size=\u00bb18px\u00bb background_color=\u00bbRGBA(0,0,0,0)\u00bb global_colors_info=\u00bb{}\u00bb]<\/p>\n<p>PATROCINADORES<\/p>\n<p>[\/et_pb_text][et_pb_image src=\u00bbhttps:\/\/poli-sport.es\/wp-content\/uploads\/2023\/05\/Logo-alta-resolucion.png\u00bb title_text=\u00bbLogo-alta-resolucion\u00bb url=\u00bbhttps:\/\/nitelmur.com\/\u00bb url_new_window=\u00bbon\u00bb _builder_version=\u00bb4.21.0&#8243; _module_preset=\u00bbdefault\u00bb custom_margin=\u00bb||17px|||\u00bb locked=\u00bboff\u00bb global_colors_info=\u00bb{}\u00bb][\/et_pb_image][et_pb_image src=\u00bbhttps:\/\/poli-sport.es\/wp-content\/uploads\/2021\/02\/FRAMOVIL.png\u00bb title_text=\u00bbFRAMOVIL\u00bb url=\u00bbhttps:\/\/es-es.facebook.com\/framovil.es\/\u00bb url_new_window=\u00bbon\u00bb _builder_version=\u00bb4.16&#8243; _module_preset=\u00bbdefault\u00bb custom_margin=\u00bb-16px||0px|||\u00bb custom_padding=\u00bb0px|||||\u00bb global_colors_info=\u00bb{}\u00bb][\/et_pb_image][et_pb_image src=\u00bbhttps:\/\/poli-sport.es\/wp-content\/uploads\/2021\/02\/italkit-logo.png\u00bb title_text=\u00bbitalkit-logo\u00bb url=\u00bbhttps:\/\/italkit.com\u00bb url_new_window=\u00bbon\u00bb _builder_version=\u00bb4.21.0&#8243; _module_preset=\u00bbdefault\u00bb custom_margin=\u00bb||-2px|||\u00bb custom_padding=\u00bb||0px|||\u00bb hover_enabled=\u00bb0&#8243; global_colors_info=\u00bb{}\u00bb sticky_enabled=\u00bb0&#8243;][\/et_pb_image][et_pb_image src=\u00bbhttps:\/\/poli-sport.es\/wp-content\/uploads\/2021\/02\/logo-cartagena-ciudad-de-tesoros-horizontal.bmp\u00bb title_text=\u00bblogo cartagena ciudad de tesoros horizontal\u00bb url=\u00bbhttps:\/\/turismo.cartagena.es\/\u00bb url_new_window=\u00bbon\u00bb _builder_version=\u00bb4.16&#8243; _module_preset=\u00bbdefault\u00bb custom_margin=\u00bb||-33px|||\u00bb custom_padding=\u00bb0px|||||\u00bb global_colors_info=\u00bb{}\u00bb][\/et_pb_image][et_pb_image src=\u00bbhttps:\/\/poli-sport.es\/wp-content\/uploads\/2022\/02\/carm1.png\u00bb title_text=\u00bbcarm1&#8243; url=\u00bbhttps:\/\/deportes.carm.es\/\u00bb url_new_window=\u00bbon\u00bb _builder_version=\u00bb4.16&#8243; _module_preset=\u00bbdefault\u00bb custom_margin=\u00bb||4px|||\u00bb custom_padding=\u00bb33px||0px|||\u00bb global_colors_info=\u00bb{}\u00bb][\/et_pb_image][et_pb_image src=\u00bbhttps:\/\/poli-sport.es\/wp-content\/uploads\/2021\/02\/petroline.png\u00bb title_text=\u00bbpetroline\u00bb url=\u00bbhttps:\/\/www.petroline.es\/\u00bb _builder_version=\u00bb4.16&#8243; _module_preset=\u00bbdefault\u00bb custom_margin=\u00bb||-3px|||\u00bb global_colors_info=\u00bb{}\u00bb][\/et_pb_image][et_pb_image src=\u00bbhttps:\/\/poli-sport.es\/wp-content\/uploads\/2021\/02\/Logo-La-Vianderadef-scaled.jpg\u00bb title_text=\u00bbLogo La Vianderadef\u00bb url=\u00bbhttps:\/\/es-es.facebook.com\/pages\/category\/Grocery-Store\/La-Viandera-832551933542422\/\u00bb url_new_window=\u00bbon\u00bb _builder_version=\u00bb4.16&#8243; _module_preset=\u00bbdefault\u00bb custom_margin=\u00bb||2px|||\u00bb custom_padding=\u00bb0px|||||\u00bb global_colors_info=\u00bb{}\u00bb][\/et_pb_image][et_pb_image src=\u00bbhttps:\/\/poli-sport.es\/wp-content\/uploads\/2021\/02\/logorfme-ok-1.png\u00bb title_text=\u00bblogorfme-ok\u00bb url=\u00bbhttp:\/\/www.rfme.com\/\u00bb url_new_window=\u00bbon\u00bb _builder_version=\u00bb4.16&#8243; _module_preset=\u00bbdefault\u00bb custom_margin=\u00bb0px||12px|||\u00bb global_colors_info=\u00bb{}\u00bb][\/et_pb_image][et_pb_image src=\u00bbhttps:\/\/poli-sport.es\/wp-content\/uploads\/2021\/02\/cev-logo-slide.png\u00bb title_text=\u00bbcev-logo-slide\u00bb url=\u00bbhttps:\/\/www.fimcevrepsol.com\/\u00bb url_new_window=\u00bbon\u00bb _builder_version=\u00bb4.16&#8243; _module_preset=\u00bbdefault\u00bb custom_margin=\u00bb||8px|||\u00bb global_colors_info=\u00bb{}\u00bb][\/et_pb_image][et_pb_image src=\u00bbhttps:\/\/poli-sport.es\/wp-content\/uploads\/2021\/02\/civ.png\u00bb title_text=\u00bbciv\u00bb url=\u00bbhttps:\/\/motociv.net\u00bb url_new_window=\u00bbon\u00bb _builder_version=\u00bb4.16&#8243; _module_preset=\u00bbdefault\u00bb global_colors_info=\u00bb{}\u00bb][\/et_pb_image][et_pb_image src=\u00bbhttps:\/\/poli-sport.es\/wp-content\/uploads\/2021\/02\/FMRM-1.png\u00bb title_text=\u00bbFMRM\u00bb url=\u00bbhttp:\/\/www.fmrm.org\/\u00bb url_new_window=\u00bbon\u00bb _builder_version=\u00bb4.16&#8243; _module_preset=\u00bbdefault\u00bb custom_margin=\u00bb||50px|||\u00bb global_colors_info=\u00bb{}\u00bb][\/et_pb_image][\/et_pb_column][\/et_pb_section][et_pb_section fb_built=\u00bb1&#8243; _builder_version=\u00bb4.16&#8243; _module_preset=\u00bbdefault\u00bb custom_padding=\u00bb0px|||||\u00bb top_divider_color=\u00bbrgba(224,7,0,0.34)\u00bb top_divider_height=\u00bb9px\u00bb global_colors_info=\u00bb{}\u00bb][et_pb_row _builder_version=\u00bb4.16&#8243; _module_preset=\u00bbdefault\u00bb border_width_top=\u00bb1px\u00bb border_color_top=\u00bb#E02B20&#8243; global_colors_info=\u00bb{}\u00bb][et_pb_column type=\u00bb4_4&#8243; _builder_version=\u00bb4.16&#8243; _module_preset=\u00bbdefault\u00bb global_colors_info=\u00bb{}\u00bb][et_pb_text _builder_version=\u00bb4.16&#8243; custom_padding=\u00bb||0px|||\u00bb global_colors_info=\u00bb{}\u00bb]<\/p>\n<h3 style=\"text-align: left; padding-left: 60px;\"><strong>ASOCIADOS<\/strong><\/h3>\n<p>[\/et_pb_text][\/et_pb_column][\/et_pb_row][et_pb_row column_structure=\u00bb1_4,1_4,1_4,1_4&#8243; _builder_version=\u00bb4.16&#8243; _module_preset=\u00bbdefault\u00bb custom_padding=\u00bb0px|||||\u00bb global_colors_info=\u00bb{}\u00bb][et_pb_column type=\u00bb1_4&#8243; _builder_version=\u00bb4.16&#8243; _module_preset=\u00bbdefault\u00bb global_colors_info=\u00bb{}\u00bb][et_pb_image src=\u00bbhttps:\/\/poli-sport.es\/wp-content\/uploads\/2021\/02\/SERVI-2-300&#215;84.png\u00bb title_text=\u00bbSERVI\u00bb url=\u00bbhttps:\/\/poli-sport.es\/?page_id=92&#8243; align=\u00bbcenter\u00bb align_tablet=\u00bbcenter\u00bb align_phone=\u00bb\u00bb align_last_edited=\u00bbon|desktop\u00bb _builder_version=\u00bb4.16&#8243; custom_padding=\u00bb0px|0px||||\u00bb animation_direction=\u00bbtop\u00bb global_colors_info=\u00bb{}\u00bb][\/et_pb_image][\/et_pb_column][et_pb_column type=\u00bb1_4&#8243; _builder_version=\u00bb4.16&#8243; _module_preset=\u00bbdefault\u00bb global_colors_info=\u00bb{}\u00bb][et_pb_image src=\u00bbhttps:\/\/poli-sport.es\/wp-content\/uploads\/2021\/02\/cartagena-motorsport-300&#215;105.png\u00bb title_text=\u00bbcartagena motorsport\u00bb url=\u00bbhttps:\/\/poli-sport.es\/?page_id=401&#8243; _builder_version=\u00bb4.16&#8243; _module_preset=\u00bbdefault\u00bb custom_padding=\u00bb0px|0px|0px|0px||\u00bb global_colors_info=\u00bb{}\u00bb][\/et_pb_image][\/et_pb_column][et_pb_column type=\u00bb1_4&#8243; _builder_version=\u00bb4.16&#8243; _module_preset=\u00bbdefault\u00bb global_colors_info=\u00bb{}\u00bb][et_pb_image src=\u00bbhttps:\/\/poli-sport.es\/wp-content\/uploads\/2021\/02\/EQUIPO-ESCUELA-300&#215;153.png\u00bb title_text=\u00bbEQUIPO ESCUELA\u00bb url=\u00bbhttps:\/\/poli-sport.es\/?page_id=407&#8243; src_last_edited=\u00bboff|desktop\u00bb _builder_version=\u00bb4.16&#8243; _module_preset=\u00bbdefault\u00bb custom_padding=\u00bb0px|||||\u00bb global_colors_info=\u00bb{}\u00bb][\/et_pb_image][\/et_pb_column][et_pb_column type=\u00bb1_4&#8243; _builder_version=\u00bb4.16&#8243; _module_preset=\u00bbdefault\u00bb global_colors_info=\u00bb{}\u00bb][et_pb_image src=\u00bbhttps:\/\/poli-sport.es\/wp-content\/uploads\/2021\/02\/ammo-300&#215;183.png\u00bb title_text=\u00bbammo\u00bb url=\u00bbhttps:\/\/poli-sport.es\/?page_id=390&#8243; _builder_version=\u00bb4.16&#8243; _module_preset=\u00bbdefault\u00bb custom_padding=\u00bb0px||0px|||\u00bb global_colors_info=\u00bb{}\u00bb][\/et_pb_image][\/et_pb_column][\/et_pb_row][\/et_pb_section]<\/p>\n","protected":false},"excerpt":{"rendered":"<p>POLI-SPORT CR\u00d3NICAS16.05.21 Circuito de Los Arcos (NAVARRA) Celebrada la segunda prueba del ESBK, en el Circuito de Los Arcos (Navarra), al que han asistido la mayor\u00eda de los pilotos habituales de este Campeonato, notando la ausencia del l\u00edder de la categor\u00eda SBK Jordi Torres, debido&#8230;PATROCINADORESASOCIADOS<\/p>\n","protected":false},"author":1,"featured_media":0,"parent":0,"menu_order":0,"comment_status":"closed","ping_status":"closed","template":"","meta":{"_et_pb_use_builder":"on","_et_pb_old_content":"","_et_gb_content_width":"","footnotes":""},"class_list":["post-145","page","type-page","status-publish","hentry"],"_links":{"self":[{"href":"https:\/\/poli-sport.es\/index.php?rest_route=\/wp\/v2\/pages\/145","targetHints":{"allow":["GET"]}}],"collection":[{"href":"https:\/\/poli-sport.es\/index.php?rest_route=\/wp\/v2\/pages"}],"about":[{"href":"https:\/\/poli-sport.es\/index.php?rest_route=\/wp\/v2\/types\/page"}],"author":[{"embeddable":true,"href":"https:\/\/poli-sport.es\/index.php?rest_route=\/wp\/v2\/users\/1"}],"replies":[{"embeddable":true,"href":"https:\/\/poli-sport.es\/index.php?rest_route=%2Fwp%2Fv2%2Fcomments&post=145"}],"version-history":[{"count":54,"href":"https:\/\/poli-sport.es\/index.php?rest_route=\/wp\/v2\/pages\/145\/revisions"}],"predecessor-version":[{"id":605,"href":"https:\/\/poli-sport.es\/index.php?rest_route=\/wp\/v2\/pages\/145\/revisions\/605"}],"wp:attachment":[{"href":"https:\/\/poli-sport.es\/index.php?rest_route=%2Fwp%2Fv2%2Fmedia&parent=145"}],"curies":[{"name":"wp","href":"https:\/\/api.w.org\/{rel}","templated":true}]}}