{"id":432,"date":"2021-02-23T17:44:50","date_gmt":"2021-02-23T16:44:50","guid":{"rendered":"https:\/\/poli-sport.es\/?page_id=432"},"modified":"2023-05-25T19:45:59","modified_gmt":"2023-05-25T17:45:59","slug":"4-2","status":"publish","type":"page","link":"https:\/\/poli-sport.es\/?page_id=432","title":{"rendered":"Poli-Sport Tandas"},"content":{"rendered":"<p>[et_pb_section fb_built=\u00bb1&#8243; specialty=\u00bbon\u00bb _builder_version=\u00bb4.16&#8243; _module_preset=\u00bbdefault\u00bb custom_padding=\u00bb||0px|||\u00bb top_divider_style=\u00bbslant2&#8243; top_divider_color=\u00bb#cc3737&#8243; global_colors_info=\u00bb{}\u00bb][et_pb_column type=\u00bb3_4&#8243; specialty_columns=\u00bb3&#8243; _builder_version=\u00bb4.16&#8243; custom_padding=\u00bb|||\u00bb global_colors_info=\u00bb{}\u00bb custom_padding__hover=\u00bb|||\u00bb][et_pb_row_inner _builder_version=\u00bb4.16&#8243; _module_preset=\u00bbdefault\u00bb custom_padding=\u00bb||0px|||\u00bb global_colors_info=\u00bb{}\u00bb][et_pb_column_inner saved_specialty_column_type=\u00bb3_4&#8243; _builder_version=\u00bb4.16&#8243; _module_preset=\u00bbdefault\u00bb global_colors_info=\u00bb{}\u00bb][et_pb_image src=\u00bbhttps:\/\/poli-sport.es\/wp-content\/uploads\/2019\/05\/logo_tandas-300&#215;110.jpg\u00bb title_text=\u00bblogo_tandas\u00bb align_tablet=\u00bbcenter\u00bb align_phone=\u00bb\u00bb align_last_edited=\u00bbon|desktop\u00bb _builder_version=\u00bb4.16&#8243; min_height=\u00bb54px\u00bb custom_margin=\u00bb0px||50px|||\u00bb custom_padding=\u00bb0px|0px||||\u00bb global_colors_info=\u00bb{}\u00bb][\/et_pb_image][\/et_pb_column_inner][\/et_pb_row_inner][et_pb_row_inner column_structure=\u00bb1_2,1_2&#8243; _builder_version=\u00bb4.16&#8243; custom_margin=\u00bb|180px||auto||\u00bb locked=\u00bboff\u00bb global_colors_info=\u00bb{}\u00bb][et_pb_column_inner type=\u00bb1_2&#8243; saved_specialty_column_type=\u00bb3_4&#8243; _builder_version=\u00bb4.16&#8243; custom_padding=\u00bb|||\u00bb global_colors_info=\u00bb{}\u00bb custom_padding__hover=\u00bb|||\u00bb][et_pb_text _builder_version=\u00bb4.16&#8243; text_font=\u00bb||||||||\u00bb header_font=\u00bb||||||||\u00bb custom_margin=\u00bb|0px||11px\u00bb custom_padding=\u00bb|0px||\u00bb global_colors_info=\u00bb{}\u00bb]<\/p>\n<p><span style=\"font-size: large;\"><strong>\u00a0TANDAS LIBRES <\/strong><\/span><span style=\"font-size: large;\"><strong>CIRCUITO CARTAGENA<\/strong><\/span><\/p>\n<p style=\"text-align: left;\"><span style=\"font-size: large;\"> Rueda en circuito con la m\u00e1xima seguridad en un ambiente de compa\u00f1erismo.<\/span><\/p>\n<p><span style=\"font-size: large;\"> 8 Junio 2019 <\/span><br \/> <span style=\"font-size: large;\">TRES NIVELES: AVANZADO, MEDIO E INICIAL.<\/span><br \/> <span style=\"font-size: large;\"> M\u00e1ximo 35 pilotos por nivel.<\/span><\/p>\n<p><span style=\"font-size: large;\">\u00a0S\u00c1BADO: 80 \u20ac + SEGURO<\/span><br \/> <span style=\"font-size: large;\"><\/span><\/p>\n<p><span style=\"font-size: large;\"> * El precio incluye cronometraje.<\/span><br \/> <span style=\"font-size: large;\"> ** Servicio de neum\u00e1ticos independiente.<\/span><\/p>\n<p>[\/et_pb_text][et_pb_button button_url=\u00bbhttps:\/\/poli-sport.es\/wp-content\/uploads\/2019\/05\/calendario-1.pdf\u00bb url_new_window=\u00bbon\u00bb button_text=\u00bbCALENDARIO 2019&#8243; _builder_version=\u00bb4.16&#8243; custom_margin=\u00bb|||11px\u00bb global_colors_info=\u00bb{}\u00bb][\/et_pb_button][et_pb_gallery gallery_ids=\u00bb197&#8243; _builder_version=\u00bb4.16&#8243; global_colors_info=\u00bb{}\u00bb][\/et_pb_gallery][\/et_pb_column_inner][et_pb_column_inner type=\u00bb1_2&#8243; saved_specialty_column_type=\u00bb3_4&#8243; _builder_version=\u00bb4.16&#8243; _module_preset=\u00bbdefault\u00bb global_colors_info=\u00bb{}\u00bb][et_pb_button button_url=\u00bbhttps:\/\/poli-sport.es\/wp-content\/uploads\/2019\/05\/inscripcion_tandas.docx\u00bb url_new_window=\u00bbon\u00bb button_text=\u00bbINSCRIPCION\u00bb _builder_version=\u00bb4.16&#8243; _dynamic_attributes=\u00bbbutton_url\u00bb custom_margin=\u00bb|||11px\u00bb global_colors_info=\u00bb{}\u00bb][\/et_pb_button][et_pb_image src=\u00bbhttps:\/\/poli-sport.es\/wp-content\/uploads\/2019\/05\/cartel_tandas3.jpg\u00bb align_tablet=\u00bbcenter\u00bb align_phone=\u00bb\u00bb align_last_edited=\u00bbon|desktop\u00bb _builder_version=\u00bb4.16&#8243; custom_margin=\u00bb|||11px\u00bb global_colors_info=\u00bb{}\u00bb][\/et_pb_image][et_pb_button button_url=\u00bbhttps:\/\/poli-sport.es\/wp-content\/uploads\/2019\/06\/HORARIO-TANDAS-8-DE-JUNIO-2019.pdf\u00bb url_new_window=\u00bbon\u00bb button_text=\u00bbHORARIO\u00bb _builder_version=\u00bb4.16&#8243; _dynamic_attributes=\u00bbbutton_url\u00bb custom_margin=\u00bb|||11px\u00bb global_colors_info=\u00bb{}\u00bb][\/et_pb_button][\/et_pb_column_inner][\/et_pb_row_inner][\/et_pb_column][et_pb_column type=\u00bb1_4&#8243; _builder_version=\u00bb4.16&#8243; custom_padding=\u00bb|||\u00bb global_colors_info=\u00bb{}\u00bb custom_padding__hover=\u00bb|||\u00bb][et_pb_text _builder_version=\u00bb4.16&#8243; _module_preset=\u00bbdefault\u00bb text_font=\u00bb|700|||||||\u00bb text_text_color=\u00bb#000000&#8243; text_font_size=\u00bb18px\u00bb background_color=\u00bbRGBA(0,0,0,0)\u00bb global_colors_info=\u00bb{}\u00bb]<\/p>\n<p>PATROCINADORES<\/p>\n<p>[\/et_pb_text][et_pb_image src=\u00bbhttps:\/\/poli-sport.es\/wp-content\/uploads\/2023\/05\/Logo-alta-resolucion.png\u00bb title_text=\u00bbLogo-alta-resolucion\u00bb url=\u00bbhttps:\/\/nitelmur.com\/\u00bb url_new_window=\u00bbon\u00bb _builder_version=\u00bb4.21.0&#8243; _module_preset=\u00bbdefault\u00bb custom_margin=\u00bb||17px|||\u00bb locked=\u00bboff\u00bb global_colors_info=\u00bb{}\u00bb][\/et_pb_image][et_pb_image src=\u00bbhttps:\/\/poli-sport.es\/wp-content\/uploads\/2021\/02\/FRAMOVIL.png\u00bb title_text=\u00bbFRAMOVIL\u00bb url=\u00bbhttps:\/\/es-es.facebook.com\/framovil.es\/\u00bb url_new_window=\u00bbon\u00bb _builder_version=\u00bb4.16&#8243; _module_preset=\u00bbdefault\u00bb custom_margin=\u00bb-16px||0px|||\u00bb custom_padding=\u00bb0px|||||\u00bb global_colors_info=\u00bb{}\u00bb][\/et_pb_image][et_pb_image src=\u00bbhttps:\/\/poli-sport.es\/wp-content\/uploads\/2021\/02\/italkit-logo.png\u00bb title_text=\u00bbitalkit-logo\u00bb url=\u00bbhttps:\/\/italkit.com\u00bb url_new_window=\u00bbon\u00bb _builder_version=\u00bb4.21.0&#8243; _module_preset=\u00bbdefault\u00bb custom_margin=\u00bb||-2px|||\u00bb custom_padding=\u00bb||0px|||\u00bb hover_enabled=\u00bb0&#8243; global_colors_info=\u00bb{}\u00bb sticky_enabled=\u00bb0&#8243;][\/et_pb_image][et_pb_image src=\u00bbhttps:\/\/poli-sport.es\/wp-content\/uploads\/2021\/02\/logo-cartagena-ciudad-de-tesoros-horizontal.bmp\u00bb title_text=\u00bblogo cartagena ciudad de tesoros horizontal\u00bb url=\u00bbhttps:\/\/turismo.cartagena.es\/\u00bb url_new_window=\u00bbon\u00bb _builder_version=\u00bb4.16&#8243; _module_preset=\u00bbdefault\u00bb custom_margin=\u00bb||-33px|||\u00bb custom_padding=\u00bb0px|||||\u00bb global_colors_info=\u00bb{}\u00bb][\/et_pb_image][et_pb_image src=\u00bbhttps:\/\/poli-sport.es\/wp-content\/uploads\/2022\/02\/carm1.png\u00bb title_text=\u00bbcarm1&#8243; url=\u00bbhttps:\/\/deportes.carm.es\/\u00bb url_new_window=\u00bbon\u00bb _builder_version=\u00bb4.16&#8243; _module_preset=\u00bbdefault\u00bb custom_margin=\u00bb||4px|||\u00bb custom_padding=\u00bb33px||0px|||\u00bb locked=\u00bboff\u00bb global_colors_info=\u00bb{}\u00bb][\/et_pb_image][et_pb_image src=\u00bbhttps:\/\/poli-sport.es\/wp-content\/uploads\/2021\/02\/petroline.png\u00bb title_text=\u00bbpetroline\u00bb url=\u00bbhttps:\/\/www.petroline.es\/\u00bb _builder_version=\u00bb4.16&#8243; _module_preset=\u00bbdefault\u00bb custom_margin=\u00bb||-3px|||\u00bb global_colors_info=\u00bb{}\u00bb][\/et_pb_image][et_pb_image src=\u00bbhttps:\/\/poli-sport.es\/wp-content\/uploads\/2021\/02\/Logo-La-Vianderadef-scaled.jpg\u00bb title_text=\u00bbLogo La Vianderadef\u00bb url=\u00bbhttps:\/\/es-es.facebook.com\/pages\/category\/Grocery-Store\/La-Viandera-832551933542422\/\u00bb url_new_window=\u00bbon\u00bb _builder_version=\u00bb4.16&#8243; _module_preset=\u00bbdefault\u00bb custom_margin=\u00bb||2px|||\u00bb custom_padding=\u00bb0px|||||\u00bb global_colors_info=\u00bb{}\u00bb][\/et_pb_image][et_pb_image src=\u00bbhttps:\/\/poli-sport.es\/wp-content\/uploads\/2021\/02\/logorfme-ok-1.png\u00bb title_text=\u00bblogorfme-ok\u00bb url=\u00bbhttp:\/\/www.rfme.com\/\u00bb url_new_window=\u00bbon\u00bb _builder_version=\u00bb4.16&#8243; _module_preset=\u00bbdefault\u00bb custom_margin=\u00bb0px||12px|||\u00bb global_colors_info=\u00bb{}\u00bb][\/et_pb_image][et_pb_image src=\u00bbhttps:\/\/poli-sport.es\/wp-content\/uploads\/2021\/02\/cev-logo-slide.png\u00bb title_text=\u00bbcev-logo-slide\u00bb url=\u00bbhttps:\/\/www.fimcevrepsol.com\/\u00bb url_new_window=\u00bbon\u00bb _builder_version=\u00bb4.16&#8243; _module_preset=\u00bbdefault\u00bb custom_margin=\u00bb||8px|||\u00bb global_colors_info=\u00bb{}\u00bb][\/et_pb_image][et_pb_image src=\u00bbhttps:\/\/poli-sport.es\/wp-content\/uploads\/2021\/02\/civ.png\u00bb title_text=\u00bbciv\u00bb url=\u00bbhttps:\/\/motociv.net\u00bb url_new_window=\u00bbon\u00bb _builder_version=\u00bb4.16&#8243; _module_preset=\u00bbdefault\u00bb global_colors_info=\u00bb{}\u00bb][\/et_pb_image][et_pb_image src=\u00bbhttps:\/\/poli-sport.es\/wp-content\/uploads\/2021\/02\/FMRM-1.png\u00bb title_text=\u00bbFMRM\u00bb url=\u00bbhttp:\/\/www.fmrm.org\/\u00bb url_new_window=\u00bbon\u00bb _builder_version=\u00bb4.16&#8243; _module_preset=\u00bbdefault\u00bb custom_margin=\u00bb||50px|||\u00bb global_colors_info=\u00bb{}\u00bb][\/et_pb_image][\/et_pb_column][\/et_pb_section][et_pb_section fb_built=\u00bb1&#8243; _builder_version=\u00bb4.16&#8243; _module_preset=\u00bbdefault\u00bb custom_padding=\u00bb0px|||||\u00bb top_divider_color=\u00bbrgba(224,7,0,0.34)\u00bb top_divider_height=\u00bb9px\u00bb global_colors_info=\u00bb{}\u00bb][et_pb_row _builder_version=\u00bb4.16&#8243; _module_preset=\u00bbdefault\u00bb border_width_top=\u00bb1px\u00bb border_color_top=\u00bb#E02B20&#8243; global_colors_info=\u00bb{}\u00bb][et_pb_column type=\u00bb4_4&#8243; _builder_version=\u00bb4.16&#8243; _module_preset=\u00bbdefault\u00bb global_colors_info=\u00bb{}\u00bb][et_pb_text _builder_version=\u00bb4.16&#8243; custom_padding=\u00bb||0px|||\u00bb global_colors_info=\u00bb{}\u00bb]<\/p>\n<h3 style=\"text-align: left; padding-left: 60px;\"><strong>ASOCIADOS<\/strong><\/h3>\n<p>[\/et_pb_text][\/et_pb_column][\/et_pb_row][et_pb_row column_structure=\u00bb1_4,1_4,1_4,1_4&#8243; _builder_version=\u00bb4.16&#8243; _module_preset=\u00bbdefault\u00bb custom_padding=\u00bb0px|||||\u00bb global_colors_info=\u00bb{}\u00bb][et_pb_column type=\u00bb1_4&#8243; _builder_version=\u00bb4.16&#8243; _module_preset=\u00bbdefault\u00bb global_colors_info=\u00bb{}\u00bb][et_pb_image src=\u00bbhttps:\/\/poli-sport.es\/wp-content\/uploads\/2021\/02\/SERVI-2-300&#215;84.png\u00bb title_text=\u00bbSERVI\u00bb url=\u00bbhttps:\/\/poli-sport.es\/?page_id=92&#8243; align=\u00bbcenter\u00bb align_tablet=\u00bbcenter\u00bb align_phone=\u00bb\u00bb align_last_edited=\u00bbon|desktop\u00bb _builder_version=\u00bb4.16&#8243; custom_padding=\u00bb0px|0px||||\u00bb animation_direction=\u00bbtop\u00bb global_colors_info=\u00bb{}\u00bb][\/et_pb_image][\/et_pb_column][et_pb_column type=\u00bb1_4&#8243; _builder_version=\u00bb4.16&#8243; _module_preset=\u00bbdefault\u00bb global_colors_info=\u00bb{}\u00bb][et_pb_image src=\u00bbhttps:\/\/poli-sport.es\/wp-content\/uploads\/2021\/02\/cartagena-motorsport-300&#215;105.png\u00bb title_text=\u00bbcartagena motorsport\u00bb url=\u00bbhttps:\/\/poli-sport.es\/?page_id=401&#8243; _builder_version=\u00bb4.16&#8243; _module_preset=\u00bbdefault\u00bb custom_padding=\u00bb0px|0px|0px|0px||\u00bb global_colors_info=\u00bb{}\u00bb][\/et_pb_image][\/et_pb_column][et_pb_column type=\u00bb1_4&#8243; _builder_version=\u00bb4.16&#8243; _module_preset=\u00bbdefault\u00bb global_colors_info=\u00bb{}\u00bb][et_pb_image src=\u00bbhttps:\/\/poli-sport.es\/wp-content\/uploads\/2021\/02\/EQUIPO-ESCUELA-300&#215;153.png\u00bb title_text=\u00bbEQUIPO ESCUELA\u00bb url=\u00bbhttps:\/\/poli-sport.es\/?page_id=407&#8243; src_last_edited=\u00bboff|desktop\u00bb _builder_version=\u00bb4.16&#8243; _module_preset=\u00bbdefault\u00bb custom_padding=\u00bb0px|||||\u00bb global_colors_info=\u00bb{}\u00bb][\/et_pb_image][\/et_pb_column][et_pb_column type=\u00bb1_4&#8243; _builder_version=\u00bb4.16&#8243; _module_preset=\u00bbdefault\u00bb global_colors_info=\u00bb{}\u00bb][et_pb_image src=\u00bbhttps:\/\/poli-sport.es\/wp-content\/uploads\/2021\/02\/ammo-300&#215;183.png\u00bb title_text=\u00bbammo\u00bb url=\u00bbhttps:\/\/poli-sport.es\/?page_id=390&#8243; _builder_version=\u00bb4.16&#8243; _module_preset=\u00bbdefault\u00bb custom_padding=\u00bb0px||0px|||\u00bb global_colors_info=\u00bb{}\u00bb][\/et_pb_image][\/et_pb_column][\/et_pb_row][\/et_pb_section]<\/p>\n","protected":false},"excerpt":{"rendered":"<p>\u00a0TANDAS LIBRES CIRCUITO CARTAGENA Rueda en circuito con la m\u00e1xima seguridad en un ambiente de compa\u00f1erismo. 8 Junio 2019 TRES NIVELES: AVANZADO, MEDIO E INICIAL. M\u00e1ximo 35 pilotos por nivel. \u00a0S\u00c1BADO: 80 \u20ac + SEGURO * El precio incluye cronometraje. ** Servicio de neum\u00e1ticos independiente.PATROCINADORESASOCIADOS<\/p>\n","protected":false},"author":1,"featured_media":0,"parent":0,"menu_order":0,"comment_status":"closed","ping_status":"closed","template":"","meta":{"_et_pb_use_builder":"on","_et_pb_old_content":"","_et_gb_content_width":"","footnotes":""},"class_list":["post-432","page","type-page","status-publish","hentry"],"_links":{"self":[{"href":"https:\/\/poli-sport.es\/index.php?rest_route=\/wp\/v2\/pages\/432","targetHints":{"allow":["GET"]}}],"collection":[{"href":"https:\/\/poli-sport.es\/index.php?rest_route=\/wp\/v2\/pages"}],"about":[{"href":"https:\/\/poli-sport.es\/index.php?rest_route=\/wp\/v2\/types\/page"}],"author":[{"embeddable":true,"href":"https:\/\/poli-sport.es\/index.php?rest_route=\/wp\/v2\/users\/1"}],"replies":[{"embeddable":true,"href":"https:\/\/poli-sport.es\/index.php?rest_route=%2Fwp%2Fv2%2Fcomments&post=432"}],"version-history":[{"count":13,"href":"https:\/\/poli-sport.es\/index.php?rest_route=\/wp\/v2\/pages\/432\/revisions"}],"predecessor-version":[{"id":608,"href":"https:\/\/poli-sport.es\/index.php?rest_route=\/wp\/v2\/pages\/432\/revisions\/608"}],"wp:attachment":[{"href":"https:\/\/poli-sport.es\/index.php?rest_route=%2Fwp%2Fv2%2Fmedia&parent=432"}],"curies":[{"name":"wp","href":"https:\/\/api.w.org\/{rel}","templated":true}]}}