{"id":92,"date":"2019-05-08T17:42:42","date_gmt":"2019-05-08T15:42:42","guid":{"rendered":"https:\/\/poli-sport.es\/?page_id=92"},"modified":"2021-02-23T17:41:25","modified_gmt":"2021-02-23T16:41:25","slug":"servisport-07","status":"publish","type":"page","link":"https:\/\/poli-sport.es\/?page_id=92","title":{"rendered":"Servisport-07"},"content":{"rendered":"<p>[et_pb_section fb_built=\u00bb1&#8243; _builder_version=\u00bb4.9.0&#8243; top_divider_style=\u00bbslant2&#8243; top_divider_color=\u00bb#cc3737&#8243;][et_pb_row _builder_version=\u00bb3.25&#8243;][et_pb_column type=\u00bb4_4&#8243; _builder_version=\u00bb3.25&#8243; custom_padding=\u00bb|||\u00bb custom_padding__hover=\u00bb|||\u00bb][et_pb_image src=\u00bbhttps:\/\/poli-sport.es\/wp-content\/uploads\/2021\/02\/SERVI-2-300&#215;84.png\u00bb title_text=\u00bbSERVI\u00bb align=\u00bbcenter\u00bb align_tablet=\u00bbcenter\u00bb align_phone=\u00bb\u00bb align_last_edited=\u00bbon|desktop\u00bb _builder_version=\u00bb4.9.0&#8243;][\/et_pb_image][\/et_pb_column][\/et_pb_row][et_pb_row _builder_version=\u00bb3.25&#8243;][et_pb_column type=\u00bb4_4&#8243; _builder_version=\u00bb3.25&#8243; custom_padding=\u00bb|||\u00bb custom_padding__hover=\u00bb|||\u00bb][et_pb_text _builder_version=\u00bb3.27.4&#8243; custom_margin=\u00bb|||11px\u00bb]<\/p>\n<p>Somos una empresa dedicada a la gesti\u00f3n y organizaci\u00f3n de actividades deportivas, as\u00ed como la organizaci\u00f3n de eventos deportivos, tambi\u00e9n gestiona publicidad en especial para el patrocinio de las actividades y eventos deportivos.<\/p>\n<p>SERVICIOS<\/p>\n<ul>\n<li>Organizaci\u00f3n de Eventos Deportivos:\n<ul>\n<li>Carreras de Motociclismo.<\/li>\n<li>Torneos de Futbol-Sala.<\/li>\n<\/ul>\n<\/li>\n<li>Servicios de Publicidad:\n<ul>\n<li>Gesti\u00f3n Publicitaria de eventos deportivos.<\/li>\n<li>Prestaci\u00f3n de servicios a Club deportivos.<\/li>\n<\/ul>\n<\/li>\n<li>Servicios Deportivos:\n<ul>\n<li>Colaboraci\u00f3n en la preparaci\u00f3n de deportistas.<\/li>\n<li>Prestaci\u00f3n de Servicios T\u00e9cnicos Deportivos.<\/li>\n<li>Asistencia T\u00e9cnica a Club Deportivos.<\/li>\n<li>Asistencia T\u00e9cnica a deportistas.<\/li>\n<\/ul>\n<\/li>\n<\/ul>\n<p>CONTACTENOS<\/p>\n<p>poli-sport@poli-sport.es<\/p>\n<p>[\/et_pb_text][\/et_pb_column][\/et_pb_row][\/et_pb_section][et_pb_section fb_built=\u00bb1&#8243; _builder_version=\u00bb4.9.0&#8243; _module_preset=\u00bbdefault\u00bb custom_padding=\u00bb0px|||||\u00bb top_divider_color=\u00bbrgba(224,7,0,0.34)\u00bb top_divider_height=\u00bb9px\u00bb locked=\u00bboff\u00bb][et_pb_row _builder_version=\u00bb4.9.0&#8243; _module_preset=\u00bbdefault\u00bb border_width_top=\u00bb1px\u00bb border_color_top=\u00bb#E02B20&#8243;][et_pb_column type=\u00bb4_4&#8243; _builder_version=\u00bb4.9.0&#8243; _module_preset=\u00bbdefault\u00bb][et_pb_text _builder_version=\u00bb4.9.0&#8243; custom_padding=\u00bb||0px|||\u00bb]<\/p>\n<h3 style=\"text-align: left; padding-left: 60px;\"><strong>ASOCIADOS<\/strong><\/h3>\n<p>[\/et_pb_text][\/et_pb_column][\/et_pb_row][et_pb_row column_structure=\u00bb1_4,1_4,1_4,1_4&#8243; _builder_version=\u00bb4.9.0&#8243; _module_preset=\u00bbdefault\u00bb custom_padding=\u00bb0px|||||\u00bb][et_pb_column type=\u00bb1_4&#8243; _builder_version=\u00bb4.9.0&#8243; _module_preset=\u00bbdefault\u00bb][et_pb_image src=\u00bbhttps:\/\/poli-sport.es\/wp-content\/uploads\/2021\/02\/SERVI-2-300&#215;84.png\u00bb title_text=\u00bbSERVI\u00bb url=\u00bbhttps:\/\/poli-sport.es\/?page_id=92&#8243; align=\u00bbcenter\u00bb align_tablet=\u00bbcenter\u00bb align_phone=\u00bb\u00bb align_last_edited=\u00bbon|desktop\u00bb _builder_version=\u00bb4.9.0&#8243; custom_padding=\u00bb0px|0px||||\u00bb animation_direction=\u00bbtop\u00bb hover_enabled=\u00bb0&#8243; sticky_enabled=\u00bb0&#8243;][\/et_pb_image][\/et_pb_column][et_pb_column type=\u00bb1_4&#8243; _builder_version=\u00bb4.9.0&#8243; _module_preset=\u00bbdefault\u00bb][et_pb_image src=\u00bbhttps:\/\/poli-sport.es\/wp-content\/uploads\/2021\/02\/cartagena-motorsport-300&#215;105.png\u00bb title_text=\u00bbcartagena motorsport\u00bb _builder_version=\u00bb4.9.0&#8243; _module_preset=\u00bbdefault\u00bb custom_padding=\u00bb0px|0px|0px|0px||\u00bb hover_enabled=\u00bb0&#8243; url=\u00bbhttps:\/\/poli-sport.es\/?page_id=401&#8243; sticky_enabled=\u00bb0&#8243;][\/et_pb_image][\/et_pb_column][et_pb_column type=\u00bb1_4&#8243; _builder_version=\u00bb4.9.0&#8243; _module_preset=\u00bbdefault\u00bb][et_pb_image src=\u00bbhttps:\/\/poli-sport.es\/wp-content\/uploads\/2021\/02\/EQUIPO-ESCUELA-300&#215;153.png\u00bb title_text=\u00bbEQUIPO ESCUELA\u00bb src_last_edited=\u00bboff|desktop\u00bb _builder_version=\u00bb4.9.0&#8243; _module_preset=\u00bbdefault\u00bb custom_padding=\u00bb0px|||||\u00bb hover_enabled=\u00bb0&#8243; url=\u00bbhttps:\/\/poli-sport.es\/?page_id=407&#8243; sticky_enabled=\u00bb0&#8243;][\/et_pb_image][\/et_pb_column][et_pb_column type=\u00bb1_4&#8243; _builder_version=\u00bb4.9.0&#8243; _module_preset=\u00bbdefault\u00bb][et_pb_image src=\u00bbhttps:\/\/poli-sport.es\/wp-content\/uploads\/2021\/02\/ammo-300&#215;183.png\u00bb title_text=\u00bbammo\u00bb _builder_version=\u00bb4.9.0&#8243; _module_preset=\u00bbdefault\u00bb custom_padding=\u00bb0px||0px|||\u00bb hover_enabled=\u00bb0&#8243; url=\u00bbhttps:\/\/poli-sport.es\/?page_id=390&#8243; sticky_enabled=\u00bb0&#8243;][\/et_pb_image][\/et_pb_column][\/et_pb_row][\/et_pb_section]<\/p>\n","protected":false},"excerpt":{"rendered":"<p>Somos una empresa dedicada a la gesti\u00f3n y organizaci\u00f3n de actividades deportivas, as\u00ed como la organizaci\u00f3n de eventos deportivos, tambi\u00e9n gestiona publicidad en especial para el patrocinio de las actividades y eventos deportivos. SERVICIOS Organizaci\u00f3n de Eventos Deportivos: Carreras de Motociclismo. Torneos de Futbol-Sala. Servicios de Publicidad: Gesti\u00f3n Publicitaria de eventos deportivos. Prestaci\u00f3n de servicios [&hellip;]<\/p>\n","protected":false},"author":1,"featured_media":0,"parent":0,"menu_order":0,"comment_status":"closed","ping_status":"closed","template":"","meta":{"_et_pb_use_builder":"on","_et_pb_old_content":"","_et_gb_content_width":"","footnotes":""},"class_list":["post-92","page","type-page","status-publish","hentry"],"_links":{"self":[{"href":"https:\/\/poli-sport.es\/index.php?rest_route=\/wp\/v2\/pages\/92","targetHints":{"allow":["GET"]}}],"collection":[{"href":"https:\/\/poli-sport.es\/index.php?rest_route=\/wp\/v2\/pages"}],"about":[{"href":"https:\/\/poli-sport.es\/index.php?rest_route=\/wp\/v2\/types\/page"}],"author":[{"embeddable":true,"href":"https:\/\/poli-sport.es\/index.php?rest_route=\/wp\/v2\/users\/1"}],"replies":[{"embeddable":true,"href":"https:\/\/poli-sport.es\/index.php?rest_route=%2Fwp%2Fv2%2Fcomments&post=92"}],"version-history":[{"count":8,"href":"https:\/\/poli-sport.es\/index.php?rest_route=\/wp\/v2\/pages\/92\/revisions"}],"predecessor-version":[{"id":430,"href":"https:\/\/poli-sport.es\/index.php?rest_route=\/wp\/v2\/pages\/92\/revisions\/430"}],"wp:attachment":[{"href":"https:\/\/poli-sport.es\/index.php?rest_route=%2Fwp%2Fv2%2Fmedia&parent=92"}],"curies":[{"name":"wp","href":"https:\/\/api.w.org\/{rel}","templated":true}]}}